{"id":23,"date":"2011-04-23T07:25:48","date_gmt":"2011-04-23T07:25:48","guid":{"rendered":"http:\/\/www.certificat-energetique.net\/blog\/?page_id=23"},"modified":"2014-09-16T15:29:17","modified_gmt":"2014-09-16T15:29:17","slug":"a-propos","status":"publish","type":"page","link":"http:\/\/www.certificat-energetique.net\/blog\/a-propos\/","title":{"rendered":"A propos"},"content":{"rendered":"<p><img loading=\"lazy\" decoding=\"async\" class=\"alignleft size-medium wp-image-70\" title=\"logo_certificat-energetique.net\" alt=\"Certificat \u00e9nerg\u00e9tique PEB\" src=\"http:\/\/www.certificat-energetique.net\/blog\/wp-content\/uploads\/2011\/05\/logo_maion02-300x270.png\" width=\"300\" height=\"270\" srcset=\"http:\/\/www.certificat-energetique.net\/blog\/wp-content\/uploads\/2011\/05\/logo_maion02-300x270.png 300w, http:\/\/www.certificat-energetique.net\/blog\/wp-content\/uploads\/2011\/05\/logo_maion02.png 661w\" sizes=\"auto, (max-width: 300px) 100vw, 300px\" \/>Ing\u00e9nieur en construction de formation, je r\u00e9alise des audits \u00e9nerg\u00e9tiques depuis 2009. Depuis juin 2010, j&rsquo;effectue \u00e9galement des certificats \u00e9nerg\u00e9tiques PEB pour les habitations unifamiliales existantes.<\/p>\n<p>Ce blog a pour vocation d&rsquo;aider \u00e0 la compr\u00e9hension de la mise en place des certificats PEB obligatoires. Louer et vendre une maison ou un appartement oblige d&rsquo;avoir ce certificat PEB.<\/p>\n<p>Comment cela fonctionne-t-il ? A quoi sert ce certificat PEB ? Est-ce obligatoire dans tous les cas ? etc&#8230;<\/p>\n<p>Ce sont toute une s\u00e9rie de questions et de conseils que je vais d\u00e9velopper \u00e0 travers ce blog. Tous les propri\u00e9taires qui vendent mais aussi ceux qui ach\u00e8tent pourront ainsi mieux comprendre l&rsquo;int\u00e9r\u00eat et le fonctionnement du certificat \u00e9nerg\u00e9tique PEB.<\/p>\n<p>Vous avez une remarque ou une question, n&rsquo;h\u00e9sitez pas \u00e0 la laisser en dessous dans la partie commentaire.\u00a0 Cette espace est pour dialoguer et je vous invite \u00e0 le faire.<\/p>\n<p>Dites-moi ce que vous pensez du certificat \u00e9nerg\u00e9tique PEB.<\/p>\n<p>&nbsp;<\/p>\n<h4>Mots-cl\u00e9s utilis\u00e9s pour rechercher cet article :<\/h4><ul> peb explication, comprendre le PEB, peb signification<\/ul>","protected":false},"excerpt":{"rendered":"<p>Ing\u00e9nieur en construction de formation, je r\u00e9alise des audits \u00e9nerg\u00e9tiques depuis 2009. Depuis juin 2010, j&rsquo;effectue \u00e9galement des certificats \u00e9nerg\u00e9tiques PEB pour les habitations unifamiliales existantes. Ce blog a pour vocation d&rsquo;aider \u00e0 la compr\u00e9hension de la mise en place &hellip; <a href=\"http:\/\/www.certificat-energetique.net\/blog\/a-propos\/\">Continuer la lecture <span class=\"meta-nav\">&rarr;<\/span><\/a><\/p>\n","protected":false},"author":2,"featured_media":0,"parent":0,"menu_order":0,"comment_status":"open","ping_status":"open","template":"","meta":{"footnotes":""},"class_list":["post-23","page","type-page","status-publish","hentry"],"aioseo_notices":[],"_links":{"self":[{"href":"http:\/\/www.certificat-energetique.net\/blog\/wp-json\/wp\/v2\/pages\/23","targetHints":{"allow":["GET"]}}],"collection":[{"href":"http:\/\/www.certificat-energetique.net\/blog\/wp-json\/wp\/v2\/pages"}],"about":[{"href":"http:\/\/www.certificat-energetique.net\/blog\/wp-json\/wp\/v2\/types\/page"}],"author":[{"embeddable":true,"href":"http:\/\/www.certificat-energetique.net\/blog\/wp-json\/wp\/v2\/users\/2"}],"replies":[{"embeddable":true,"href":"http:\/\/www.certificat-energetique.net\/blog\/wp-json\/wp\/v2\/comments?post=23"}],"version-history":[{"count":5,"href":"http:\/\/www.certificat-energetique.net\/blog\/wp-json\/wp\/v2\/pages\/23\/revisions"}],"predecessor-version":[{"id":71,"href":"http:\/\/www.certificat-energetique.net\/blog\/wp-json\/wp\/v2\/pages\/23\/revisions\/71"}],"wp:attachment":[{"href":"http:\/\/www.certificat-energetique.net\/blog\/wp-json\/wp\/v2\/media?parent=23"}],"curies":[{"name":"wp","href":"https:\/\/api.w.org\/{rel}","templated":true}]}}