{"id":546,"date":"2012-04-10T11:56:32","date_gmt":"2012-04-10T11:56:32","guid":{"rendered":"http:\/\/www.certificat-energetique.net\/blog\/?page_id=546"},"modified":"2020-01-07T09:17:08","modified_gmt":"2020-01-07T09:17:08","slug":"questions-frequentes-certificat-peb","status":"publish","type":"page","link":"https:\/\/www.certificat-energetique.net\/blog\/questions-frequentes-certificat-peb\/","title":{"rendered":"Questions fr\u00e9quentes"},"content":{"rendered":"<p>Voici une s\u00e9rie de questions que l&rsquo;on me pose souvent :<\/p>\n<h3><span style=\"text-decoration: underline;\">Pouvez-vous me dire si l&rsquo;\u00e9tablissement d&rsquo;un certificat \u00e9nerg\u00e9tique pour une maison uni-familiale donne droit \u00e0 une prime? De la r\u00e9gion Wallonne?<\/span><\/h3>\n<p>Il n&rsquo;y a aucune prime de pr\u00e9vue ni de r\u00e9duction fiscale pour l&rsquo;\u00e9tablissement d&rsquo;un certificat \u00e9nerg\u00e9tique PEB. Pour un audit \u00e9nerg\u00e9tique, vous avez droit \u00e0 une prime de la R\u00e9gion wallonne et parfois une prime de la province.<\/p>\n<h3><span style=\"text-decoration: underline;\">On me dit que dans le cadre d&rsquo;une <strong>donation d&rsquo;un b\u00e2timent<\/strong>, le <strong>certificat \u00e9nerg\u00e9tique est aussi obligatoire<\/strong>. <\/span><br \/>\n<span style=\"text-decoration: underline;\"> Ce qui me semble \u00e9tonnant puisqu&rsquo;il ne s&rsquo;agit ni d&rsquo;une vente ni d&rsquo;une location.<\/span><br \/>\n<span style=\"text-decoration: underline;\"> Pourriez-vous me renseigner \u00e0 ce sujet ou me diriger vers qui me renseigner avec certitude ?<\/span><\/h3>\n<p>En effet, la <strong>donation<\/strong> n&rsquo;est pas vraiment une vente mais elle s&rsquo;y apparente puisqu&rsquo;on donne un bien \u00e0 une autre personne mais sans contrepartie financi\u00e8re.<\/p>\n<p>La propri\u00e9t\u00e9 du bien immobilier passe d&rsquo;une personne \u00e0 une autre et est donc soumise \u00e0 l&rsquo;<strong>obligation du certificat PEB<\/strong>.<\/p>\n<p>Dans beaucoup de cas, ce certificat \u00e9nerg\u00e9tique ne sert pas \u00e0 grand chose puisque celui qui re\u00e7oit le bien en donation est souvent bien au courant des conditions \u00e9nerg\u00e9tiques de l&rsquo;immeuble.<\/p>\n<p>Mais la loi ne fait pas de diff\u00e9rence dans ce cas.<\/p>\n<p>Si on part de l&rsquo;id\u00e9e que le <strong>certificat PEB peut influencer le prix de vente<\/strong>, alors cela influence le prix de la donation. Et si vous faites des donations \u00e0 plusieurs enfants et que vous souhaitez garder une \u00e9quit\u00e9, vous tenterez de donner le m\u00eame montant \u00e0 chacun.<\/p>\n<p>Le certificat PEB a donc tout son sens dans ce cas.<\/p>\n<p>Ce que je vous conseille dans ce cas, c&rsquo;est de <strong>profiter du passage du certificateur PEB<\/strong> pour lui <strong>poser quelques questions<\/strong> quant aux am\u00e9liorations possibles et int\u00e9ressantes \u00e0 r\u00e9aliser.<\/p>\n<p>Adressez-vous en <strong>priorit\u00e9 \u00e0 un <a href=\"http:\/\/www.votre-audit-energetique.be\" target=\"_blank\" rel=\"noopener noreferrer\">auditeur \u00e9nerg\u00e9tique<\/a><\/strong> de formation car il pourra bien souvent mieux vous renseigner qu&rsquo;un simple certificateur.<\/p>\n<p>Nous sommes personnellement tous auditeurs \u00e9nerg\u00e9tiques et certificateurs PEB, vous pouvez donc nous faire une demande de certificat PEB et b\u00e9n\u00e9ficier de ce petit plus gratuitement.<\/p>\n<p><a href=\"http:\/\/www.certificat-energetique.net\">Cliquez ici pour demander un devis gratuit pour un certificat PEB<\/a><\/p>\n<h3><span style=\"text-decoration: underline;\">Mon locataire loue mon appartement depuis 6 ans d\u00e9j\u00e0 et compte rester encore pour une p\u00e9riode ind\u00e9termin\u00e9e. <\/span><br \/>\n<span style=\"text-decoration: underline;\">Je n&rsquo;ai pas encore fait certifier mon appartement.<br \/>\nEst-ce que je dois demander un certificat PEB d\u00e8s maintenant ou puis-je attendre de devoir faire de la publicit\u00e9 pour un nouveau locataire? <\/span><br \/>\n<span style=\"text-decoration: underline;\">Est-ce que mon locataire actuel peut exiger que je fasse r\u00e9aliser un certificat m\u00eame s&rsquo;il ne compte pas quitter les lieux?<\/span><\/h3>\n<p>Voil\u00e0 2 bonnes questions !<\/p>\n<p>L&rsquo;obligation de faire <a href=\"http:\/\/www.certificat-energetique.net\/\" target=\"_blank\" rel=\"noopener noreferrer\">certifier son logement<\/a> pour une location n&rsquo;est valable que si vous CHANGEZ de locataire.<\/p>\n<p>Sauf si la loi change mais actuellement le locataire n&rsquo;a pas le droit d&rsquo;exiger le certificat PEB pour un logement dont le bail a \u00e9t\u00e9 r\u00e9alis\u00e9 avant la date obligatoire d&rsquo;obtention des certificats PEB.<\/p>\n<h3><span style=\"text-decoration: underline;\">Y a-t-il des primes en R\u00e9gion wallonne pour r\u00e9nover mon logement ?<\/span><\/h3>\n<p>Depuis le 1er juin 2019, un tout nouveau syst\u00e8me de primes, tr\u00e8s avantageux, a \u00e9t\u00e9 mis en place.<\/p>\n<p>Voici la vid\u00e9o qui vous explique tout :<\/p>\n<p><iframe loading=\"lazy\" src=\"https:\/\/www.youtube.com\/embed\/NVVkET9HcTM?rel=0\" width=\"640\" height=\"360\" frameborder=\"0\" allowfullscreen=\"allowfullscreen\"><\/iframe><\/p>\n<p>Pour en savoir plus : <a href=\"http:\/\/bit.ly\/votreauditlogement\" target=\"_blank\" rel=\"noopener noreferrer\">CLIQUEZ ICI<\/a><\/p>\n<p>Vous avez d&rsquo;autres questions \u00e0 me poser ? Faites-le ci-dessous en commentaire. Je vous r\u00e9ponds rapidement.<\/p>\n","protected":false},"excerpt":{"rendered":"<p>Voici une s\u00e9rie de questions que l&rsquo;on me pose souvent : Pouvez-vous me dire si l&rsquo;\u00e9tablissement d&rsquo;un certificat \u00e9nerg\u00e9tique pour une maison uni-familiale donne droit \u00e0 une prime? De la r\u00e9gion Wallonne? Il n&rsquo;y a aucune prime de pr\u00e9vue ni &hellip; <a href=\"https:\/\/www.certificat-energetique.net\/blog\/questions-frequentes-certificat-peb\/\">Continuer la lecture <span class=\"meta-nav\">&rarr;<\/span><\/a><\/p>\n","protected":false},"author":2,"featured_media":0,"parent":0,"menu_order":0,"comment_status":"open","ping_status":"open","template":"","meta":{"footnotes":""},"class_list":["post-546","page","type-page","status-publish","hentry"],"aioseo_notices":[],"_links":{"self":[{"href":"https:\/\/www.certificat-energetique.net\/blog\/wp-json\/wp\/v2\/pages\/546","targetHints":{"allow":["GET"]}}],"collection":[{"href":"https:\/\/www.certificat-energetique.net\/blog\/wp-json\/wp\/v2\/pages"}],"about":[{"href":"https:\/\/www.certificat-energetique.net\/blog\/wp-json\/wp\/v2\/types\/page"}],"author":[{"embeddable":true,"href":"https:\/\/www.certificat-energetique.net\/blog\/wp-json\/wp\/v2\/users\/2"}],"replies":[{"embeddable":true,"href":"https:\/\/www.certificat-energetique.net\/blog\/wp-json\/wp\/v2\/comments?post=546"}],"version-history":[{"count":7,"href":"https:\/\/www.certificat-energetique.net\/blog\/wp-json\/wp\/v2\/pages\/546\/revisions"}],"predecessor-version":[{"id":1026,"href":"https:\/\/www.certificat-energetique.net\/blog\/wp-json\/wp\/v2\/pages\/546\/revisions\/1026"}],"wp:attachment":[{"href":"https:\/\/www.certificat-energetique.net\/blog\/wp-json\/wp\/v2\/media?parent=546"}],"curies":[{"name":"wp","href":"https:\/\/api.w.org\/{rel}","templated":true}]}}